{"id":3196,"date":"2025-09-03T11:39:09","date_gmt":"2025-09-03T09:39:09","guid":{"rendered":"https:\/\/www.scmarbella.com\/sell-with-us\/"},"modified":"2026-02-20T12:17:18","modified_gmt":"2026-02-20T11:17:18","slug":"vender-con-nosotros","status":"publish","type":"page","link":"https:\/\/www.scmarbella.com\/es\/vender-con-nosotros\/","title":{"rendered":"Vender con nosotros"},"content":{"rendered":"\n<div class=\"wp-block-group ic-page-sell\"><div class=\"wp-block-group__inner-container is-layout-constrained wp-block-group-is-layout-constrained\">\n<div class=\"wp-block-cover\"><img decoding=\"async\" width=\"1024\" height=\"299\" class=\"wp-block-cover__image-background wp-image-195 size-large\" alt=\"\" src=\"https:\/\/www.scmarbella.com\/wp-content\/uploads\/2025\/09\/sell-with-us-1-1024x299.jpg\" data-object-fit=\"cover\" srcset=\"https:\/\/www.scmarbella.com\/wp-content\/uploads\/2025\/09\/sell-with-us-1-1024x299.jpg 1024w, https:\/\/www.scmarbella.com\/wp-content\/uploads\/2025\/09\/sell-with-us-1-300x88.jpg 300w, https:\/\/www.scmarbella.com\/wp-content\/uploads\/2025\/09\/sell-with-us-1-768x224.jpg 768w, https:\/\/www.scmarbella.com\/wp-content\/uploads\/2025\/09\/sell-with-us-1-1536x448.jpg 1536w, https:\/\/www.scmarbella.com\/wp-content\/uploads\/2025\/09\/sell-with-us-1.jpg 1920w\" sizes=\"(max-width: 1024px) 100vw, 1024px\" \/><span aria-hidden=\"true\" class=\"wp-block-cover__background has-background-dim-0 has-background-dim\"><\/span><div class=\"wp-block-cover__inner-container is-layout-constrained wp-block-cover-is-layout-constrained\">\n<h3 class=\"wp-block-heading has-text-align-center has-large-font-size\">VENDER CON NOSOTROS<\/h3>\n\n\n\n<h1 class=\"wp-block-heading has-text-align-center has-large-font-size\">Tu propiedad en manos expertas<\/h1>\n\n\n\n<div class=\"wp-block-buttons is-content-justification-center is-layout-flex wp-container-core-buttons-is-layout-16018d1d wp-block-buttons-is-layout-flex\">\n<div class=\"wp-block-button\"><a class=\"wp-block-button__link wp-element-button\" href=\"https:\/\/www.scmarbella.com\/es\/contacto\/\">Contacta con nosotros<\/a><\/div>\n<\/div>\n<\/div><\/div>\n\n\n\n<div class=\"wp-block-columns container ic-wrapper-why is-layout-flex wp-container-core-columns-is-layout-9d6595d7 wp-block-columns-is-layout-flex\">\n<div class=\"wp-block-column is-layout-flow wp-block-column-is-layout-flow\" style=\"flex-basis:18%\"><\/div>\n\n\n\n<div class=\"wp-block-column text-center is-layout-flow wp-block-column-is-layout-flow\">\n<div style=\"height:80px\" aria-hidden=\"true\" class=\"wp-block-spacer\"><\/div>\n\n\n\n<h2 class=\"wp-block-heading\">Por qu\u00e9 vender con SC Marbella<\/h2>\n\n\n\n<p>Vender tu propiedad es una decisi\u00f3n muy importante \u2014 y contar con el socio adecuado marca la diferencia. En Something Contemporary Marbella, combinamos d\u00e9cadas de experiencia en la Costa del Sol con una red internacional de compradores cualificados. Nuestro enfoque une conocimiento local, marketing estrat\u00e9gico y un acompa\u00f1amiento personalizado para que tu vivienda destaque. Con nosotros, el proceso de venta es claro, \u00e1gil y dise\u00f1ado para lograr el mejor resultado.<\/p>\n<\/div>\n\n\n\n<div class=\"wp-block-column is-layout-flow wp-block-column-is-layout-flow\" style=\"flex-basis:18%\"><\/div>\n<\/div>\n\n\n\n<div class=\"wp-block-media-text is-stacked-on-mobile is-image-fill-element container ic-wrapper-sell-banner\"><figure class=\"wp-block-media-text__media\"><img decoding=\"async\" width=\"1024\" height=\"796\" src=\"https:\/\/www.scmarbella.com\/wp-content\/uploads\/2025\/10\/scm-team-1024x796.jpg\" alt=\"\" class=\"wp-image-602 size-full\" style=\"object-position:50% 25%\" srcset=\"https:\/\/www.scmarbella.com\/wp-content\/uploads\/2025\/10\/scm-team-1024x796.jpg 1024w, https:\/\/www.scmarbella.com\/wp-content\/uploads\/2025\/10\/scm-team-300x233.jpg 300w, https:\/\/www.scmarbella.com\/wp-content\/uploads\/2025\/10\/scm-team-768x597.jpg 768w, https:\/\/www.scmarbella.com\/wp-content\/uploads\/2025\/10\/scm-team-1536x1194.jpg 1536w, https:\/\/www.scmarbella.com\/wp-content\/uploads\/2025\/10\/scm-team.jpg 1600w\" sizes=\"(max-width: 1024px) 100vw, 1024px\" \/><\/figure><div class=\"wp-block-media-text__content\">\n<h2 class=\"wp-block-heading\">Vende tu propiedad con total confianza<\/h2>\n\n\n\n<p>Colabora con nosotros y benef\u00edciate de nuestra experiencia, alcance global y estrategias a medida para lograr el mejor resultado. Hablemos hoy mismo.<\/p>\n\n\n\n<div class=\"wp-block-buttons is-layout-flex wp-block-buttons-is-layout-flex\">\n<div class=\"wp-block-button\"><a class=\"wp-block-button__link wp-element-button\" href=\"https:\/\/www.scmarbella.com\/es\/contacto\/\">Contacto<\/a><\/div>\n<\/div>\n<\/div><\/div>\n\n\n\n<div class=\"wp-block-columns container ic-wrapper-process is-layout-flex wp-container-core-columns-is-layout-9d6595d7 wp-block-columns-is-layout-flex\">\n<div class=\"wp-block-column is-layout-flow wp-block-column-is-layout-flow\">\n<h3 class=\"wp-block-heading\">EL PROCESO<\/h3>\n\n\n\n<h2 class=\"wp-block-heading\">Descubre nuestros pasos para vender con \u00e9xito<\/h2>\n\n\n\n<p><strong>De la valoraci\u00f3n a la firma<\/strong><\/p>\n\n\n\n<p>Hacemos que vender tu propiedad sea sencillo y transparente.<br>Desde la valoraci\u00f3n inicial hasta el marketing, las visitas y el cierre de la operaci\u00f3n, nuestro proceso estructurado garantiza claridad, confianza y el mejor resultado en cada etapa.<\/p>\n<\/div>\n\n\n\n<div class=\"wp-block-column is-layout-flow wp-block-column-is-layout-flow\" style=\"flex-basis:110px\"><\/div>\n\n\n\n<div class=\"wp-block-column is-layout-flow wp-block-column-is-layout-flow\" style=\"flex-basis:50%\">\n<div style=\"height:125px\" aria-hidden=\"true\" class=\"wp-block-spacer\"><\/div>\n\n\n\n<details class=\"wp-block-details is-layout-flow wp-block-details-is-layout-flow\"><summary>1. Valoraci\u00f3n<\/summary>\n<p>Comenzamos con una valoraci\u00f3n precisa basada en nuestro conocimiento local y en los datos de mercado, para posicionar tu propiedad de forma competitiva y estrat\u00e9gica.<\/p>\n<\/details>\n\n\n\n<details class=\"wp-block-details is-layout-flow wp-block-details-is-layout-flow\"><summary>2. Marketing<\/summary>\n<p>Creamos campa\u00f1as a medida que destacan los puntos fuertes de tu vivienda con material visual profesional, promoci\u00f3n digital y difusi\u00f3n internacional.<\/p>\n<\/details>\n\n\n\n<details class=\"wp-block-details is-layout-flow wp-block-details-is-layout-flow\"><summary>3. Visitas<\/summary>\n<p>Gestionamos las visitas con compradores cualificados, presentando tu propiedad en las mejores condiciones y cuidando cada detalle.<\/p>\n<\/details>\n\n\n\n<details class=\"wp-block-details is-layout-flow wp-block-details-is-layout-flow\"><summary>4. Negociaci\u00f3n<\/summary>\n<p>Nuestro equipo lidera la negociaci\u00f3n con transparencia y experiencia, siempre centrado en conseguir el mejor acuerdo para ti.<\/p>\n<\/details>\n\n\n\n<details class=\"wp-block-details is-layout-flow wp-block-details-is-layout-flow\"><summary>5. Cierre<\/summary>\n<p>Desde los contratos hasta las firmas finales, te guiamos en los pasos legales y financieros para que el proceso sea fluido, seguro y sin complicaciones.<\/p>\n<\/details>\n<\/div>\n<\/div>\n\n\n\n<div class=\"wp-block-columns container ic-wrapper-figures is-layout-flex wp-container-core-columns-is-layout-9d6595d7 wp-block-columns-is-layout-flex\">\n<div class=\"wp-block-column is-layout-flow wp-block-column-is-layout-flow\" style=\"flex-basis:66.66%\">\n<figure class=\"wp-block-image size-full\"><img decoding=\"async\" width=\"872\" height=\"345\" src=\"https:\/\/www.scmarbella.com\/wp-content\/uploads\/2025\/09\/process01.jpg\" alt=\"\" class=\"wp-image-229\" srcset=\"https:\/\/www.scmarbella.com\/wp-content\/uploads\/2025\/09\/process01.jpg 872w, https:\/\/www.scmarbella.com\/wp-content\/uploads\/2025\/09\/process01-300x119.jpg 300w, https:\/\/www.scmarbella.com\/wp-content\/uploads\/2025\/09\/process01-768x304.jpg 768w\" sizes=\"(max-width: 872px) 100vw, 872px\" \/><\/figure>\n<\/div>\n\n\n\n<div class=\"wp-block-column is-layout-flow wp-block-column-is-layout-flow\" style=\"flex-basis:33.33%\">\n<figure class=\"wp-block-image size-full is-resized\"><img decoding=\"async\" width=\"1732\" height=\"1380\" src=\"https:\/\/www.scmarbella.com\/wp-content\/uploads\/2025\/10\/pareja.jpg\" alt=\"\" class=\"wp-image-606\" style=\"width:430px\" srcset=\"https:\/\/www.scmarbella.com\/wp-content\/uploads\/2025\/10\/pareja.jpg 1732w, https:\/\/www.scmarbella.com\/wp-content\/uploads\/2025\/10\/pareja-300x239.jpg 300w, https:\/\/www.scmarbella.com\/wp-content\/uploads\/2025\/10\/pareja-1024x816.jpg 1024w, https:\/\/www.scmarbella.com\/wp-content\/uploads\/2025\/10\/pareja-768x612.jpg 768w, https:\/\/www.scmarbella.com\/wp-content\/uploads\/2025\/10\/pareja-1536x1224.jpg 1536w\" sizes=\"(max-width: 1732px) 100vw, 1732px\" \/><\/figure>\n<\/div>\n<\/div>\n\n\n\n<div class=\"wp-block-columns container ic-wrapper-about is-layout-flex wp-container-core-columns-is-layout-9d6595d7 wp-block-columns-is-layout-flex\">\n<div class=\"wp-block-column is-layout-flow wp-block-column-is-layout-flow\" style=\"flex-basis:8%\"><\/div>\n\n\n\n<div class=\"wp-block-column text-center is-layout-flow wp-block-column-is-layout-flow\">\n<h3 class=\"wp-block-heading\">Conoce el Equipo<\/h3>\n\n\n\n<h2 class=\"wp-block-heading\">Detr\u00e1s de cada venta, hay un gran equipo que lo hace posible<\/h2>\n\n\n\n<p>Nuestra mayor fortaleza est\u00e1 en las personas que hay detr\u00e1s de cada operaci\u00f3n. Con d\u00e9cadas de experiencia conjunta, el equipo combina conocimiento local, alcance internacional y una aut\u00e9ntica vocaci\u00f3n por encontrar la propiedad ideal para cada cliente. Trabajamos contigo de forma cercana, con una gu\u00eda clara y un soporte totalmente personalizado.<\/p>\n\n\n\n<p>Detr\u00e1s de cada venta exitosa hay confianza, dedicaci\u00f3n y una experiencia que nos distingue.<\/p>\n\n\n\n<div style=\"height:25px\" aria-hidden=\"true\" class=\"wp-block-spacer\"><\/div>\n\n\n\n<div class=\"wp-block-buttons is-layout-flex wp-block-buttons-is-layout-flex\">\n<div class=\"wp-block-button\"><a class=\"wp-block-button__link wp-element-button\" href=\"https:\/\/www.scmarbella.com\/es\/sobre-nosotros\/\">Sobre nosotros<\/a><\/div>\n<\/div>\n<\/div>\n\n\n\n<div class=\"wp-block-column is-layout-flow wp-block-column-is-layout-flow\" style=\"flex-basis:8%\"><\/div>\n<\/div>\n\n\n\n<div class=\"wp-block-columns ic-wrapper-contact container is-layout-flex wp-container-core-columns-is-layout-9d6595d7 wp-block-columns-is-layout-flex\">\n<div class=\"wp-block-column is-layout-flow wp-block-column-is-layout-flow\" style=\"flex-basis:440px\">\n<h2 class=\"wp-block-heading\">Contacta con nosotros<\/h2>\n\n\n\n<h2 class=\"wp-block-heading ic-show-in-contact\">Podemos ayudarte a encontrar tu nuevo hogar<\/h2>\n\n\n\n<p>Tanto si vas a comprar como a vender, o simplemente quieres ver c\u00f3mo est\u00e1 el mercado, nuestro equipo est\u00e1 aqu\u00ed para guiarte con claridad y experiencia. <\/p>\n\n\n\n<p>Ponte en contacto hoy mismo y deja que te ayudemos a dar el siguiente paso en la Costa del Sol.<\/p>\n\n\n\n<ul class=\"wp-block-list list-unstyled\">\n<li><a href=\"tel:0034951722651\">+34 951 722 651<\/a><\/li>\n\n\n\n<li><a href=\"mailto:info@scmarbella.com\">info@scmarbella.com<\/a><\/li>\n<\/ul>\n\n\n\n<div class=\"wp-block-group d-flex is-nowrap is-layout-flex wp-container-core-group-is-layout-ad2f72ca wp-block-group-is-layout-flex\">\n<figure class=\"wp-block-image size-large\"><a href=\"https:\/\/wa.me\/34664111551\" target=\"_blank\" rel=\" noreferrer noopener\"><img decoding=\"async\" width=\"24\" height=\"24\" src=\"https:\/\/www.scmarbella.com\/wp-content\/uploads\/2025\/09\/icon-whatsapp-black.svg\" alt=\"\" class=\"wp-image-165\"\/><\/a><\/figure>\n\n\n\n<figure class=\"wp-block-image size-large\"><a href=\"https:\/\/www.facebook.com\/scmarbellaa\" target=\"_blank\" rel=\" noreferrer noopener\"><img decoding=\"async\" width=\"22\" height=\"23\" src=\"https:\/\/www.scmarbella.com\/wp-content\/uploads\/2025\/09\/icon-fb-black.svg\" alt=\"\" class=\"wp-image-110\"\/><\/a><\/figure>\n\n\n\n<figure class=\"wp-block-image size-large\"><a href=\"https:\/\/www.instagram.com\/somethingcontemporarymarbella\/\" target=\"_blank\" rel=\" noreferrer noopener\"><img decoding=\"async\" width=\"24\" height=\"24\" src=\"https:\/\/www.scmarbella.com\/wp-content\/uploads\/2025\/09\/icon-in-black.svg\" alt=\"\" class=\"wp-image-164\"\/><\/a><\/figure>\n<\/div>\n<\/div>\n\n\n\n<div class=\"wp-block-column is-layout-flow wp-block-column-is-layout-flow\"><\/div>\n\n\n\n<div class=\"wp-block-column is-layout-flow wp-block-column-is-layout-flow\" style=\"flex-basis:50%\">\n<div class=\"wp-block-contact-form-7-contact-form-selector\">\n<div class=\"wpcf7 no-js\" id=\"wpcf7-f3238-o1\" lang=\"es-ES\" dir=\"ltr\" data-wpcf7-id=\"3238\">\n<div class=\"screen-reader-response\"><p role=\"status\" aria-live=\"polite\" aria-atomic=\"true\"><\/p> <ul><\/ul><\/div>\n<form action=\"\/es\/wp-json\/wp\/v2\/pages\/3196#wpcf7-f3238-o1\" method=\"post\" class=\"wpcf7-form init\" aria-label=\"Formulario de contacto\" novalidate=\"novalidate\" data-status=\"init\">\n<fieldset class=\"hidden-fields-container\"><input type=\"hidden\" name=\"_wpcf7\" value=\"3238\" \/><input type=\"hidden\" name=\"_wpcf7_version\" value=\"6.1.5\" \/><input type=\"hidden\" name=\"_wpcf7_locale\" value=\"es_ES\" \/><input type=\"hidden\" name=\"_wpcf7_unit_tag\" value=\"wpcf7-f3238-o1\" \/><input type=\"hidden\" name=\"_wpcf7_container_post\" value=\"0\" \/><input type=\"hidden\" name=\"_wpcf7_posted_data_hash\" value=\"\" \/>\n<\/fieldset>\n<div class=\"wpcf7-turnstile cf-turnstile\" data-sitekey=\"0x4AAAAAAB1RRp93sjUlut9E\" data-response-field-name=\"_wpcf7_turnstile_response\"><\/div>\n\n<div class=\"row ic-border-form\">\n\t<div class=\"col-12 col-lg-6\">\n\t\t<p><label><span class=\"wpcf7-form-control-wrap\" data-name=\"first-name\"><input size=\"40\" maxlength=\"400\" class=\"wpcf7-form-control wpcf7-text wpcf7-validates-as-required form-control\" aria-required=\"true\" aria-invalid=\"false\" placeholder=\"Nombre*\" value=\"\" type=\"text\" name=\"first-name\" \/><\/span><\/label>\n\t\t<\/p>\n\t<\/div>\n\t<div class=\"col-12 col-lg-6\">\n\t\t<p><label><span class=\"wpcf7-form-control-wrap\" data-name=\"last-name\"><input size=\"40\" maxlength=\"400\" class=\"wpcf7-form-control wpcf7-text wpcf7-validates-as-required form-control\" aria-required=\"true\" aria-invalid=\"false\" placeholder=\"Apellidos*\" value=\"\" type=\"text\" name=\"last-name\" \/><\/span><\/label>\n\t\t<\/p>\n\t<\/div>\n\t<div class=\"col-12 col-lg-6\">\n\t\t<p><label><span class=\"wpcf7-form-control-wrap\" data-name=\"phone\"><input size=\"40\" maxlength=\"400\" class=\"wpcf7-form-control wpcf7-tel wpcf7-validates-as-required wpcf7-text wpcf7-validates-as-tel form-control\" aria-required=\"true\" aria-invalid=\"false\" placeholder=\"Tel\u00e9fono*\" value=\"\" type=\"tel\" name=\"phone\" \/><\/span><\/label>\n\t\t<\/p>\n\t<\/div>\n\t<div class=\"col-12 col-lg-6\">\n\t\t<p><label><span class=\"wpcf7-form-control-wrap\" data-name=\"email\"><input size=\"40\" maxlength=\"400\" class=\"wpcf7-form-control wpcf7-email wpcf7-validates-as-required wpcf7-text wpcf7-validates-as-email form-control\" aria-required=\"true\" aria-invalid=\"false\" placeholder=\"Email*\" value=\"\" type=\"email\" name=\"email\" \/><\/span><\/label>\n\t\t<\/p>\n\t<\/div>\n\t<div class=\"col-12 col-lg-6\">\n\t\t<p><label><span class=\"wpcf7-form-control-wrap\" data-name=\"country\"><input size=\"40\" class=\"wpcf7-form-control wpcf7-countrytext wpcf7-text wpcf7-validates-as-countrytext form-control\" aria-invalid=\"false\" value=\"\" type=\"text\" name=\"country\" \/><\/span><\/label>\n\t\t<\/p>\n\t<\/div>\n\t<div class=\"col-12\">\n\t\t<p><label><span class=\"wpcf7-form-control-wrap\" data-name=\"message\"><textarea cols=\"40\" rows=\"1\" maxlength=\"2000\" class=\"wpcf7-form-control wpcf7-textarea form-control\" aria-invalid=\"false\" placeholder=\"Cu\u00e9ntanos m\u00e1s\" name=\"message\"><\/textarea><\/span><\/label>\n\t\t<\/p>\n\t<\/div>\n<\/div>\n<div class=\"row\">\n\t<div class=\"col-12\">\n\t\t<div class=\"mb-2\">\n\t\t\t<p><label><span class=\"wpcf7-form-control-wrap\" data-name=\"legal\"><span class=\"wpcf7-form-control wpcf7-acceptance\"><span class=\"wpcf7-list-item\"><label><input type=\"checkbox\" name=\"legal\" value=\"1\" aria-invalid=\"false\" \/><span class=\"wpcf7-list-item-label\">He le\u00eddo y acepto la <a href=\"\/es\/politica-de-privacidad\/\" target=\"_blank\" title=\"pol\u00edtica de privacidad\">pol\u00edtica de privacidad*<\/a><\/span><\/label><\/span><\/span><\/span><\/label>\n\t\t\t<\/p>\n\t\t<\/div>\n\t\t<div class=\"mt-1\">\n\t\t\t<p><label><span class=\"wpcf7-form-control-wrap\" data-name=\"commercial\"><span class=\"wpcf7-form-control wpcf7-acceptance optional\"><span class=\"wpcf7-list-item\"><label><input type=\"checkbox\" name=\"commercial\" value=\"1\" aria-invalid=\"false\" \/><span class=\"wpcf7-list-item-label\">Quiero recibir newsletters, ofertas y novedades por email y WhatsApp.<\/span><\/label><\/span><\/span><\/span><\/label>\n\t\t\t<\/p>\n\t\t<\/div>\n\t<\/div>\n<\/div>\n<div class=\"row\">\n\t<div class=\"col-lg-12\">\n\t\t<p><input class=\"wpcf7-form-control wpcf7-submit has-spinner\" type=\"submit\" value=\"Enviar\" \/>\n\t\t<\/p>\n\t<\/div>\n<\/div>\n<input class=\"wpcf7-form-control wpcf7-hidden\" value=\"\/es\/gracias\/\" type=\"hidden\" name=\"redirect_to\" \/>\n<input class=\"wpcf7-form-control wpcf7-hidden field_utm_source\" id=\"field_utm_source\" value=\"\" type=\"hidden\" name=\"utm_source\" \/>\n<input class=\"wpcf7-form-control wpcf7-hidden field_utm_medium\" id=\"field_utm_medium\" value=\"\" type=\"hidden\" name=\"utm_medium\" \/>\n<input class=\"wpcf7-form-control wpcf7-hidden field_utm_campaign\" id=\"field_utm_campaign\" value=\"\" type=\"hidden\" name=\"utm_campaign\" \/><div class=\"wpcf7-response-output\" aria-hidden=\"true\"><\/div>\n<\/form>\n<\/div>\n<\/div>\n<\/div>\n<\/div>\n<\/div><\/div>\n","protected":false},"excerpt":{"rendered":"<p>Por qu\u00e9 vender con SC Marbella Vender tu propiedad es una decisi\u00f3n muy importante \u2014 y contar con el socio adecuado marca la diferencia. En Something Contemporary Marbella, combinamos d\u00e9cadas de experiencia en la Costa&#8230;<\/p>\n","protected":false},"author":1,"featured_media":0,"parent":0,"menu_order":0,"comment_status":"closed","ping_status":"closed","template":"","meta":{"inline_featured_image":false,"footnotes":""},"class_list":["post-3196","page","type-page","status-publish","hentry"],"yoast_head":"<!-- This site is optimized with the Yoast SEO plugin v27.4 - https:\/\/yoast.com\/product\/yoast-seo-wordpress\/ -->\n<title>Vende tu propiedad con nosotros | SC Marbella<\/title>\n<meta name=\"description\" content=\"Colabora con nosotros y benef\u00edciate de nuestra experiencia, alcance global y estrategias a medida para lograr el mejor resultado. Hablemos hoy mismo.\" \/>\n<meta name=\"robots\" content=\"index, follow, max-snippet:-1, max-image-preview:large, max-video-preview:-1\" \/>\n<link rel=\"canonical\" href=\"https:\/\/www.scmarbella.com\/es\/vender-con-nosotros\/\" \/>\n<meta property=\"og:locale\" content=\"es_ES\" \/>\n<meta property=\"og:type\" content=\"article\" \/>\n<meta property=\"og:title\" content=\"Vende tu propiedad con nosotros | SC Marbella\" \/>\n<meta property=\"og:description\" content=\"Colabora con nosotros y benef\u00edciate de nuestra experiencia, alcance global y estrategias a medida para lograr el mejor resultado. Hablemos hoy mismo.\" \/>\n<meta property=\"og:url\" content=\"https:\/\/www.scmarbella.com\/es\/vender-con-nosotros\/\" \/>\n<meta property=\"og:site_name\" content=\"SC Marbella\" \/>\n<meta property=\"article:publisher\" content=\"https:\/\/www.facebook.com\/scmarbellaa\" \/>\n<meta property=\"article:modified_time\" content=\"2026-02-20T11:17:18+00:00\" \/>\n<meta property=\"og:image\" content=\"https:\/\/www.scmarbella.com\/wp-content\/uploads\/2025\/09\/sell-with-us-1.jpg\" \/>\n\t<meta property=\"og:image:width\" content=\"1920\" \/>\n\t<meta property=\"og:image:height\" content=\"560\" \/>\n\t<meta property=\"og:image:type\" content=\"image\/jpeg\" \/>\n<meta name=\"twitter:card\" content=\"summary_large_image\" \/>\n<meta name=\"twitter:label1\" content=\"Tiempo de lectura\" \/>\n\t<meta name=\"twitter:data1\" content=\"5 minutos\" \/>\n<!-- \/ Yoast SEO plugin. -->","yoast_head_json":{"title":"Vende tu propiedad con nosotros | SC Marbella","description":"Colabora con nosotros y benef\u00edciate de nuestra experiencia, alcance global y estrategias a medida para lograr el mejor resultado. Hablemos hoy mismo.","robots":{"index":"index","follow":"follow","max-snippet":"max-snippet:-1","max-image-preview":"max-image-preview:large","max-video-preview":"max-video-preview:-1"},"canonical":"https:\/\/www.scmarbella.com\/es\/vender-con-nosotros\/","og_locale":"es_ES","og_type":"article","og_title":"Vende tu propiedad con nosotros | SC Marbella","og_description":"Colabora con nosotros y benef\u00edciate de nuestra experiencia, alcance global y estrategias a medida para lograr el mejor resultado. Hablemos hoy mismo.","og_url":"https:\/\/www.scmarbella.com\/es\/vender-con-nosotros\/","og_site_name":"SC Marbella","article_publisher":"https:\/\/www.facebook.com\/scmarbellaa","article_modified_time":"2026-02-20T11:17:18+00:00","og_image":[{"width":1920,"height":560,"url":"https:\/\/www.scmarbella.com\/wp-content\/uploads\/2025\/09\/sell-with-us-1.jpg","type":"image\/jpeg"}],"twitter_card":"summary_large_image","twitter_misc":{"Tiempo de lectura":"5 minutos"},"schema":{"@context":"https:\/\/schema.org","@graph":[{"@type":"WebPage","@id":"https:\/\/www.scmarbella.com\/es\/vender-con-nosotros\/","url":"https:\/\/www.scmarbella.com\/es\/vender-con-nosotros\/","name":"Vende tu propiedad con nosotros | SC Marbella","isPartOf":{"@id":"https:\/\/www.scmarbella.com\/es\/#website"},"primaryImageOfPage":{"@id":"https:\/\/www.scmarbella.com\/es\/vender-con-nosotros\/#primaryimage"},"image":{"@id":"https:\/\/www.scmarbella.com\/es\/vender-con-nosotros\/#primaryimage"},"thumbnailUrl":"https:\/\/www.scmarbella.com\/wp-content\/uploads\/2025\/09\/sell-with-us-1-1024x299.jpg","datePublished":"2025-09-03T09:39:09+00:00","dateModified":"2026-02-20T11:17:18+00:00","description":"Colabora con nosotros y benef\u00edciate de nuestra experiencia, alcance global y estrategias a medida para lograr el mejor resultado. Hablemos hoy mismo.","breadcrumb":{"@id":"https:\/\/www.scmarbella.com\/es\/vender-con-nosotros\/#breadcrumb"},"inLanguage":"es","potentialAction":[{"@type":"ReadAction","target":["https:\/\/www.scmarbella.com\/es\/vender-con-nosotros\/"]}]},{"@type":"ImageObject","inLanguage":"es","@id":"https:\/\/www.scmarbella.com\/es\/vender-con-nosotros\/#primaryimage","url":"https:\/\/www.scmarbella.com\/wp-content\/uploads\/2025\/09\/sell-with-us-1-1024x299.jpg","contentUrl":"https:\/\/www.scmarbella.com\/wp-content\/uploads\/2025\/09\/sell-with-us-1-1024x299.jpg"},{"@type":"BreadcrumbList","@id":"https:\/\/www.scmarbella.com\/es\/vender-con-nosotros\/#breadcrumb","itemListElement":[{"@type":"ListItem","position":1,"name":"Portada","item":"https:\/\/www.scmarbella.com\/es\/"},{"@type":"ListItem","position":2,"name":"Vender con nosotros"}]},{"@type":"WebSite","@id":"https:\/\/www.scmarbella.com\/es\/#website","url":"https:\/\/www.scmarbella.com\/es\/","name":"SC Marbella","description":"","publisher":{"@id":"https:\/\/www.scmarbella.com\/es\/#organization"},"alternateName":"SC Marbella","potentialAction":[{"@type":"SearchAction","target":{"@type":"EntryPoint","urlTemplate":"https:\/\/www.scmarbella.com\/es\/?s={search_term_string}"},"query-input":{"@type":"PropertyValueSpecification","valueRequired":true,"valueName":"search_term_string"}}],"inLanguage":"es"},{"@type":"Organization","@id":"https:\/\/www.scmarbella.com\/es\/#organization","name":"SC Marbella","alternateName":"SC Marbella","url":"https:\/\/www.scmarbella.com\/es\/","logo":{"@type":"ImageObject","inLanguage":"es","@id":"https:\/\/www.scmarbella.com\/es\/#\/schema\/logo\/image\/","url":"https:\/\/www.scmarbella.com\/wp-content\/uploads\/2025\/09\/logo-scmarbella.png","contentUrl":"https:\/\/www.scmarbella.com\/wp-content\/uploads\/2025\/09\/logo-scmarbella.png","width":548,"height":100,"caption":"SC Marbella"},"image":{"@id":"https:\/\/www.scmarbella.com\/es\/#\/schema\/logo\/image\/"},"sameAs":["https:\/\/www.facebook.com\/scmarbellaa","https:\/\/www.instagram.com\/somethingcontemporarymarbella\/"]}]}},"_links":{"self":[{"href":"https:\/\/www.scmarbella.com\/es\/wp-json\/wp\/v2\/pages\/3196","targetHints":{"allow":["GET"]}}],"collection":[{"href":"https:\/\/www.scmarbella.com\/es\/wp-json\/wp\/v2\/pages"}],"about":[{"href":"https:\/\/www.scmarbella.com\/es\/wp-json\/wp\/v2\/types\/page"}],"author":[{"embeddable":true,"href":"https:\/\/www.scmarbella.com\/es\/wp-json\/wp\/v2\/users\/1"}],"replies":[{"embeddable":true,"href":"https:\/\/www.scmarbella.com\/es\/wp-json\/wp\/v2\/comments?post=3196"}],"version-history":[{"count":10,"href":"https:\/\/www.scmarbella.com\/es\/wp-json\/wp\/v2\/pages\/3196\/revisions"}],"predecessor-version":[{"id":3272,"href":"https:\/\/www.scmarbella.com\/es\/wp-json\/wp\/v2\/pages\/3196\/revisions\/3272"}],"wp:attachment":[{"href":"https:\/\/www.scmarbella.com\/es\/wp-json\/wp\/v2\/media?parent=3196"}],"curies":[{"name":"wp","href":"https:\/\/api.w.org\/{rel}","templated":true}]}}