{"id":3163,"date":"2025-09-03T11:39:26","date_gmt":"2025-09-03T09:39:26","guid":{"rendered":"https:\/\/www.scmarbella.com\/contact\/"},"modified":"2026-02-20T11:59:18","modified_gmt":"2026-02-20T10:59:18","slug":"contacto","status":"publish","type":"page","link":"https:\/\/www.scmarbella.com\/es\/contacto\/","title":{"rendered":"Contacto"},"content":{"rendered":"\n<div class=\"wp-block-group ic-page-contact\"><div class=\"wp-block-group__inner-container is-layout-constrained wp-block-group-is-layout-constrained\">\n<div class=\"wp-block-columns ic-wrapper-contact container is-layout-flex wp-container-core-columns-is-layout-9d6595d7 wp-block-columns-is-layout-flex\">\n<div class=\"wp-block-column is-layout-flow wp-block-column-is-layout-flow\" style=\"flex-basis:440px\">\n<h2 class=\"wp-block-heading\">Contacta con nosotros<\/h2>\n\n\n\n<h2 class=\"wp-block-heading ic-show-in-contact\">Podemos ayudarte a encontrar tu nuevo hogar<\/h2>\n\n\n\n<p>Tanto si vas a comprar como a vender, o simplemente quieres ver c\u00f3mo est\u00e1 el mercado, nuestro equipo est\u00e1 aqu\u00ed para guiarte con claridad y experiencia. <\/p>\n\n\n\n<p>Ponte en contacto hoy mismo y deja que te ayudemos a dar el siguiente paso en la Costa del Sol.<\/p>\n\n\n\n<ul class=\"wp-block-list list-unstyled\">\n<li><a href=\"tel:0034951722651\">+34 951 722 651<\/a><\/li>\n\n\n\n<li><a href=\"mailto:info@scmarbella.com\">info@scmarbella.com<\/a><\/li>\n<\/ul>\n\n\n\n<div class=\"wp-block-group d-flex is-nowrap is-layout-flex wp-container-core-group-is-layout-ad2f72ca wp-block-group-is-layout-flex\">\n<figure class=\"wp-block-image size-large\"><a href=\"https:\/\/wa.me\/34664111551\" target=\"_blank\" rel=\" noreferrer noopener\"><img decoding=\"async\" width=\"24\" height=\"24\" src=\"https:\/\/www.scmarbella.com\/wp-content\/uploads\/2025\/09\/icon-whatsapp-black.svg\" alt=\"\" class=\"wp-image-165\"\/><\/a><\/figure>\n\n\n\n<figure class=\"wp-block-image size-large\"><a href=\"https:\/\/www.facebook.com\/scmarbellaa\" target=\"_blank\" rel=\" noreferrer noopener\"><img decoding=\"async\" width=\"22\" height=\"23\" src=\"https:\/\/www.scmarbella.com\/wp-content\/uploads\/2025\/09\/icon-fb-black.svg\" alt=\"\" class=\"wp-image-110\"\/><\/a><\/figure>\n\n\n\n<figure class=\"wp-block-image size-large\"><a href=\"https:\/\/www.instagram.com\/somethingcontemporarymarbella\/\" target=\"_blank\" rel=\" noreferrer noopener\"><img decoding=\"async\" width=\"24\" height=\"24\" src=\"https:\/\/www.scmarbella.com\/wp-content\/uploads\/2025\/09\/icon-in-black.svg\" alt=\"\" class=\"wp-image-164\"\/><\/a><\/figure>\n<\/div>\n<\/div>\n\n\n\n<div class=\"wp-block-column is-layout-flow wp-block-column-is-layout-flow\"><\/div>\n\n\n\n<div class=\"wp-block-column is-layout-flow wp-block-column-is-layout-flow\" style=\"flex-basis:50%\">\n<div class=\"wp-block-contact-form-7-contact-form-selector\">\n<div class=\"wpcf7 no-js\" id=\"wpcf7-f3238-o1\" lang=\"es-ES\" dir=\"ltr\" data-wpcf7-id=\"3238\">\n<div class=\"screen-reader-response\"><p role=\"status\" aria-live=\"polite\" aria-atomic=\"true\"><\/p> <ul><\/ul><\/div>\n<form action=\"\/es\/wp-json\/wp\/v2\/pages\/3163#wpcf7-f3238-o1\" method=\"post\" class=\"wpcf7-form init\" aria-label=\"Formulario de contacto\" novalidate=\"novalidate\" data-status=\"init\">\n<fieldset class=\"hidden-fields-container\"><input type=\"hidden\" name=\"_wpcf7\" value=\"3238\" \/><input type=\"hidden\" name=\"_wpcf7_version\" value=\"6.1.5\" \/><input type=\"hidden\" name=\"_wpcf7_locale\" value=\"es_ES\" \/><input type=\"hidden\" name=\"_wpcf7_unit_tag\" value=\"wpcf7-f3238-o1\" \/><input type=\"hidden\" name=\"_wpcf7_container_post\" value=\"0\" \/><input type=\"hidden\" name=\"_wpcf7_posted_data_hash\" value=\"\" \/>\n<\/fieldset>\n<div class=\"wpcf7-turnstile cf-turnstile\" data-sitekey=\"0x4AAAAAAB1RRp93sjUlut9E\" data-response-field-name=\"_wpcf7_turnstile_response\"><\/div>\n\n<div class=\"row ic-border-form\">\n\t<div class=\"col-12 col-lg-6\">\n\t\t<p><label><span class=\"wpcf7-form-control-wrap\" data-name=\"first-name\"><input size=\"40\" maxlength=\"400\" class=\"wpcf7-form-control wpcf7-text wpcf7-validates-as-required form-control\" aria-required=\"true\" aria-invalid=\"false\" placeholder=\"Nombre*\" value=\"\" type=\"text\" name=\"first-name\" \/><\/span><\/label>\n\t\t<\/p>\n\t<\/div>\n\t<div class=\"col-12 col-lg-6\">\n\t\t<p><label><span class=\"wpcf7-form-control-wrap\" data-name=\"last-name\"><input size=\"40\" maxlength=\"400\" class=\"wpcf7-form-control wpcf7-text wpcf7-validates-as-required form-control\" aria-required=\"true\" aria-invalid=\"false\" placeholder=\"Apellidos*\" value=\"\" type=\"text\" name=\"last-name\" \/><\/span><\/label>\n\t\t<\/p>\n\t<\/div>\n\t<div class=\"col-12 col-lg-6\">\n\t\t<p><label><span class=\"wpcf7-form-control-wrap\" data-name=\"phone\"><input size=\"40\" maxlength=\"400\" class=\"wpcf7-form-control wpcf7-tel wpcf7-validates-as-required wpcf7-text wpcf7-validates-as-tel form-control\" aria-required=\"true\" aria-invalid=\"false\" placeholder=\"Tel\u00e9fono*\" value=\"\" type=\"tel\" name=\"phone\" \/><\/span><\/label>\n\t\t<\/p>\n\t<\/div>\n\t<div class=\"col-12 col-lg-6\">\n\t\t<p><label><span class=\"wpcf7-form-control-wrap\" data-name=\"email\"><input size=\"40\" maxlength=\"400\" class=\"wpcf7-form-control wpcf7-email wpcf7-validates-as-required wpcf7-text wpcf7-validates-as-email form-control\" aria-required=\"true\" aria-invalid=\"false\" placeholder=\"Email*\" value=\"\" type=\"email\" name=\"email\" \/><\/span><\/label>\n\t\t<\/p>\n\t<\/div>\n\t<div class=\"col-12 col-lg-6\">\n\t\t<p><label><span class=\"wpcf7-form-control-wrap\" data-name=\"country\"><input size=\"40\" class=\"wpcf7-form-control wpcf7-countrytext wpcf7-text wpcf7-validates-as-countrytext form-control\" aria-invalid=\"false\" value=\"\" type=\"text\" name=\"country\" \/><\/span><\/label>\n\t\t<\/p>\n\t<\/div>\n\t<div class=\"col-12\">\n\t\t<p><label><span class=\"wpcf7-form-control-wrap\" data-name=\"message\"><textarea cols=\"40\" rows=\"1\" maxlength=\"2000\" class=\"wpcf7-form-control wpcf7-textarea form-control\" aria-invalid=\"false\" placeholder=\"Cu\u00e9ntanos m\u00e1s\" name=\"message\"><\/textarea><\/span><\/label>\n\t\t<\/p>\n\t<\/div>\n<\/div>\n<div class=\"row\">\n\t<div class=\"col-12\">\n\t\t<div class=\"mb-2\">\n\t\t\t<p><label><span class=\"wpcf7-form-control-wrap\" data-name=\"legal\"><span class=\"wpcf7-form-control wpcf7-acceptance\"><span class=\"wpcf7-list-item\"><label><input type=\"checkbox\" name=\"legal\" value=\"1\" aria-invalid=\"false\" \/><span class=\"wpcf7-list-item-label\">He le\u00eddo y acepto la <a href=\"\/es\/politica-de-privacidad\/\" target=\"_blank\" title=\"pol\u00edtica de privacidad\">pol\u00edtica de privacidad*<\/a><\/span><\/label><\/span><\/span><\/span><\/label>\n\t\t\t<\/p>\n\t\t<\/div>\n\t\t<div class=\"mt-1\">\n\t\t\t<p><label><span class=\"wpcf7-form-control-wrap\" data-name=\"commercial\"><span class=\"wpcf7-form-control wpcf7-acceptance optional\"><span class=\"wpcf7-list-item\"><label><input type=\"checkbox\" name=\"commercial\" value=\"1\" aria-invalid=\"false\" \/><span class=\"wpcf7-list-item-label\">Quiero recibir newsletters, ofertas y novedades por email y WhatsApp.<\/span><\/label><\/span><\/span><\/span><\/label>\n\t\t\t<\/p>\n\t\t<\/div>\n\t<\/div>\n<\/div>\n<div class=\"row\">\n\t<div class=\"col-lg-12\">\n\t\t<p><input class=\"wpcf7-form-control wpcf7-submit has-spinner\" type=\"submit\" value=\"Enviar\" \/>\n\t\t<\/p>\n\t<\/div>\n<\/div>\n<input class=\"wpcf7-form-control wpcf7-hidden\" value=\"\/es\/gracias\/\" type=\"hidden\" name=\"redirect_to\" \/>\n<input class=\"wpcf7-form-control wpcf7-hidden field_utm_source\" id=\"field_utm_source\" value=\"\" type=\"hidden\" name=\"utm_source\" \/>\n<input class=\"wpcf7-form-control wpcf7-hidden field_utm_medium\" id=\"field_utm_medium\" value=\"\" type=\"hidden\" name=\"utm_medium\" \/>\n<input class=\"wpcf7-form-control wpcf7-hidden field_utm_campaign\" id=\"field_utm_campaign\" value=\"\" type=\"hidden\" name=\"utm_campaign\" \/><div class=\"wpcf7-response-output\" aria-hidden=\"true\"><\/div>\n<\/form>\n<\/div>\n<\/div>\n<\/div>\n<\/div>\n\n\n\n<div class=\"wp-block-group ic-wrapper-newsletter\"><div class=\"wp-block-group__inner-container is-layout-constrained wp-block-group-is-layout-constrained\">\n<div class=\"wp-block-columns container is-layout-flex wp-container-core-columns-is-layout-9d6595d7 wp-block-columns-is-layout-flex\">\n<div class=\"wp-block-column is-layout-flow wp-block-column-is-layout-flow\" style=\"flex-basis:440px\">\n<h2 class=\"wp-block-heading\">Suscr\u00edbete a nuestra newsletter<\/h2>\n\n\n\n<p>Suscr\u00edbete a nuestra <strong>newsletter<\/strong> para recibir las \u00faltimas novedades en viviendas contempor\u00e1neas, informaci\u00f3n del mercado y tendencias de estilo de vida en la Costa del Sol.<\/p>\n<\/div>\n\n\n\n<div class=\"wp-block-column is-layout-flow wp-block-column-is-layout-flow\"><\/div>\n\n\n\n<div class=\"wp-block-column is-layout-flow wp-block-column-is-layout-flow\" style=\"flex-basis:50%\">\n<div class=\"wp-block-contact-form-7-contact-form-selector\">\n<div class=\"wpcf7 no-js\" id=\"wpcf7-f3241-o2\" lang=\"es-ES\" dir=\"ltr\" data-wpcf7-id=\"3241\">\n<div class=\"screen-reader-response\"><p role=\"status\" aria-live=\"polite\" aria-atomic=\"true\"><\/p> <ul><\/ul><\/div>\n<form action=\"\/es\/wp-json\/wp\/v2\/pages\/3163#wpcf7-f3241-o2\" method=\"post\" class=\"wpcf7-form init\" aria-label=\"Formulario de contacto\" novalidate=\"novalidate\" data-status=\"init\">\n<fieldset class=\"hidden-fields-container\"><input type=\"hidden\" name=\"_wpcf7\" value=\"3241\" \/><input type=\"hidden\" name=\"_wpcf7_version\" value=\"6.1.5\" \/><input type=\"hidden\" name=\"_wpcf7_locale\" value=\"es_ES\" \/><input type=\"hidden\" name=\"_wpcf7_unit_tag\" value=\"wpcf7-f3241-o2\" \/><input type=\"hidden\" name=\"_wpcf7_container_post\" value=\"0\" \/><input type=\"hidden\" name=\"_wpcf7_posted_data_hash\" value=\"\" \/>\n<\/fieldset>\n<div class=\"wpcf7-turnstile cf-turnstile\" data-sitekey=\"0x4AAAAAAB1RRp93sjUlut9E\" data-response-field-name=\"_wpcf7_turnstile_response\"><\/div>\n\n<div class=\"row\">\n\t<div class=\"col-12 col-lg-8\">\n\t\t<p><label><span class=\"wpcf7-form-control-wrap\" data-name=\"email\"><input size=\"40\" maxlength=\"400\" class=\"wpcf7-form-control wpcf7-email wpcf7-validates-as-required wpcf7-text wpcf7-validates-as-email form-control\" aria-required=\"true\" aria-invalid=\"false\" placeholder=\"Email*\" value=\"\" type=\"email\" name=\"email\" \/><\/span><\/label><br \/>\n<label><span class=\"wpcf7-form-control-wrap\" data-name=\"legal\"><span class=\"wpcf7-form-control wpcf7-acceptance\"><span class=\"wpcf7-list-item\"><label><input type=\"checkbox\" name=\"legal\" value=\"1\" aria-invalid=\"false\" \/><span class=\"wpcf7-list-item-label\">AL COMPARTIR TU EMAIL, ACEPTAS NUESTROS\u00a0<a href=\"\/es\/aviso-legal\/\" target=\"_blank\" title=\"terms of use\">t\u00e9rminos de uso<\/a> y <a href=\"\/es\/politica-de-privacidad\/\" target=\"_blank\" title=\"pol\u00edtica de privacidad\">pol\u00edtica de privacidad<\/a>.*<\/span><\/label><\/span><\/span><\/span><\/label>\n\t\t<\/p>\n\t<\/div>\n\t<div class=\"col-12 col-lg-4\">\n\t\t<p><input class=\"wpcf7-form-control wpcf7-submit has-spinner\" type=\"submit\" value=\"Suscribirse\" \/>\n\t\t<\/p>\n\t<\/div>\n<\/div>\n<input class=\"wpcf7-form-control wpcf7-hidden\" value=\"\/es\/gracias\/\" type=\"hidden\" name=\"redirect_to\" \/>\n<input class=\"wpcf7-form-control wpcf7-hidden field_utm_source\" value=\"\" type=\"hidden\" name=\"utm_source\" \/>\n<input class=\"wpcf7-form-control wpcf7-hidden field_utm_medium\" value=\"\" type=\"hidden\" name=\"utm_medium\" \/>\n<input class=\"wpcf7-form-control wpcf7-hidden field_utm_campaign\" value=\"\" type=\"hidden\" name=\"utm_campaign\" \/><div class=\"wpcf7-response-output\" aria-hidden=\"true\"><\/div>\n<\/form>\n<\/div>\n<\/div>\n<\/div>\n<\/div>\n<\/div><\/div>\n<\/div><\/div>\n","protected":false},"excerpt":{"rendered":"","protected":false},"author":1,"featured_media":0,"parent":0,"menu_order":0,"comment_status":"closed","ping_status":"closed","template":"","meta":{"inline_featured_image":false,"footnotes":""},"class_list":["post-3163","page","type-page","status-publish","hentry"],"yoast_head":"<!-- This site is optimized with the Yoast SEO plugin v27.4 - https:\/\/yoast.com\/product\/yoast-seo-wordpress\/ -->\n<title>Contacto | SC Marbella<\/title>\n<meta name=\"description\" content=\"Podemos ayudarte a encontrar tu nuevo hogar. Ponte en contacto hoy mismo y deja que te ayudemos a dar el siguiente paso en la Costa del Sol.\" \/>\n<meta name=\"robots\" content=\"index, follow, max-snippet:-1, max-image-preview:large, max-video-preview:-1\" \/>\n<link rel=\"canonical\" href=\"https:\/\/www.scmarbella.com\/es\/contacto\/\" \/>\n<meta property=\"og:locale\" content=\"es_ES\" \/>\n<meta property=\"og:type\" content=\"article\" \/>\n<meta property=\"og:title\" content=\"Contacto | SC Marbella\" \/>\n<meta property=\"og:description\" content=\"Podemos ayudarte a encontrar tu nuevo hogar. Ponte en contacto hoy mismo y deja que te ayudemos a dar el siguiente paso en la Costa del Sol.\" \/>\n<meta property=\"og:url\" content=\"https:\/\/www.scmarbella.com\/es\/contacto\/\" \/>\n<meta property=\"og:site_name\" content=\"SC Marbella\" \/>\n<meta property=\"article:publisher\" content=\"https:\/\/www.facebook.com\/scmarbellaa\" \/>\n<meta property=\"article:modified_time\" content=\"2026-02-20T10:59:18+00:00\" \/>\n<meta property=\"og:image\" content=\"https:\/\/www.scmarbella.com\/wp-content\/uploads\/2025\/09\/golf-properties.jpg\" \/>\n\t<meta property=\"og:image:width\" content=\"2000\" \/>\n\t<meta property=\"og:image:height\" content=\"1500\" \/>\n\t<meta property=\"og:image:type\" content=\"image\/jpeg\" \/>\n<meta name=\"twitter:card\" content=\"summary_large_image\" \/>\n<!-- \/ Yoast SEO plugin. -->","yoast_head_json":{"title":"Contacto | SC Marbella","description":"Podemos ayudarte a encontrar tu nuevo hogar. Ponte en contacto hoy mismo y deja que te ayudemos a dar el siguiente paso en la Costa del Sol.","robots":{"index":"index","follow":"follow","max-snippet":"max-snippet:-1","max-image-preview":"max-image-preview:large","max-video-preview":"max-video-preview:-1"},"canonical":"https:\/\/www.scmarbella.com\/es\/contacto\/","og_locale":"es_ES","og_type":"article","og_title":"Contacto | SC Marbella","og_description":"Podemos ayudarte a encontrar tu nuevo hogar. Ponte en contacto hoy mismo y deja que te ayudemos a dar el siguiente paso en la Costa del Sol.","og_url":"https:\/\/www.scmarbella.com\/es\/contacto\/","og_site_name":"SC Marbella","article_publisher":"https:\/\/www.facebook.com\/scmarbellaa","article_modified_time":"2026-02-20T10:59:18+00:00","og_image":[{"width":2000,"height":1500,"url":"https:\/\/www.scmarbella.com\/wp-content\/uploads\/2025\/09\/golf-properties.jpg","type":"image\/jpeg"}],"twitter_card":"summary_large_image","schema":{"@context":"https:\/\/schema.org","@graph":[{"@type":"WebPage","@id":"https:\/\/www.scmarbella.com\/es\/contacto\/","url":"https:\/\/www.scmarbella.com\/es\/contacto\/","name":"Contacto | SC Marbella","isPartOf":{"@id":"https:\/\/www.scmarbella.com\/es\/#website"},"datePublished":"2025-09-03T09:39:26+00:00","dateModified":"2026-02-20T10:59:18+00:00","description":"Podemos ayudarte a encontrar tu nuevo hogar. Ponte en contacto hoy mismo y deja que te ayudemos a dar el siguiente paso en la Costa del Sol.","breadcrumb":{"@id":"https:\/\/www.scmarbella.com\/es\/contacto\/#breadcrumb"},"inLanguage":"es","potentialAction":[{"@type":"ReadAction","target":["https:\/\/www.scmarbella.com\/es\/contacto\/"]}]},{"@type":"BreadcrumbList","@id":"https:\/\/www.scmarbella.com\/es\/contacto\/#breadcrumb","itemListElement":[{"@type":"ListItem","position":1,"name":"Portada","item":"https:\/\/www.scmarbella.com\/es\/"},{"@type":"ListItem","position":2,"name":"Contacto"}]},{"@type":"WebSite","@id":"https:\/\/www.scmarbella.com\/es\/#website","url":"https:\/\/www.scmarbella.com\/es\/","name":"SC Marbella","description":"","publisher":{"@id":"https:\/\/www.scmarbella.com\/es\/#organization"},"alternateName":"SC Marbella","potentialAction":[{"@type":"SearchAction","target":{"@type":"EntryPoint","urlTemplate":"https:\/\/www.scmarbella.com\/es\/?s={search_term_string}"},"query-input":{"@type":"PropertyValueSpecification","valueRequired":true,"valueName":"search_term_string"}}],"inLanguage":"es"},{"@type":"Organization","@id":"https:\/\/www.scmarbella.com\/es\/#organization","name":"SC Marbella","alternateName":"SC Marbella","url":"https:\/\/www.scmarbella.com\/es\/","logo":{"@type":"ImageObject","inLanguage":"es","@id":"https:\/\/www.scmarbella.com\/es\/#\/schema\/logo\/image\/","url":"https:\/\/www.scmarbella.com\/wp-content\/uploads\/2025\/09\/logo-scmarbella.png","contentUrl":"https:\/\/www.scmarbella.com\/wp-content\/uploads\/2025\/09\/logo-scmarbella.png","width":548,"height":100,"caption":"SC Marbella"},"image":{"@id":"https:\/\/www.scmarbella.com\/es\/#\/schema\/logo\/image\/"},"sameAs":["https:\/\/www.facebook.com\/scmarbellaa","https:\/\/www.instagram.com\/somethingcontemporarymarbella\/"]}]}},"_links":{"self":[{"href":"https:\/\/www.scmarbella.com\/es\/wp-json\/wp\/v2\/pages\/3163","targetHints":{"allow":["GET"]}}],"collection":[{"href":"https:\/\/www.scmarbella.com\/es\/wp-json\/wp\/v2\/pages"}],"about":[{"href":"https:\/\/www.scmarbella.com\/es\/wp-json\/wp\/v2\/types\/page"}],"author":[{"embeddable":true,"href":"https:\/\/www.scmarbella.com\/es\/wp-json\/wp\/v2\/users\/1"}],"replies":[{"embeddable":true,"href":"https:\/\/www.scmarbella.com\/es\/wp-json\/wp\/v2\/comments?post=3163"}],"version-history":[{"count":2,"href":"https:\/\/www.scmarbella.com\/es\/wp-json\/wp\/v2\/pages\/3163\/revisions"}],"predecessor-version":[{"id":3245,"href":"https:\/\/www.scmarbella.com\/es\/wp-json\/wp\/v2\/pages\/3163\/revisions\/3245"}],"wp:attachment":[{"href":"https:\/\/www.scmarbella.com\/es\/wp-json\/wp\/v2\/media?parent=3163"}],"curies":[{"name":"wp","href":"https:\/\/api.w.org\/{rel}","templated":true}]}}