{"id":796,"date":"2025-09-03T11:39:26","date_gmt":"2025-09-03T09:39:26","guid":{"rendered":"https:\/\/www.scmarbella.com\/contact\/"},"modified":"2025-11-20T08:38:06","modified_gmt":"2025-11-20T07:38:06","slug":"kontakt","status":"publish","type":"page","link":"https:\/\/www.scmarbella.com\/de\/kontakt\/","title":{"rendered":"Kontakt"},"content":{"rendered":"\n<div class=\"wp-block-group ic-page-contact\"><div class=\"wp-block-group__inner-container is-layout-constrained wp-block-group-is-layout-constrained\">\n<div class=\"wp-block-columns ic-wrapper-contact container is-layout-flex wp-container-core-columns-is-layout-9d6595d7 wp-block-columns-is-layout-flex\">\n<div class=\"wp-block-column is-layout-flow wp-block-column-is-layout-flow\" style=\"flex-basis:440px\">\n<h2 class=\"wp-block-heading\">Kontaktieren Sie uns<\/h2>\n\n\n\n<h2 class=\"wp-block-heading ic-show-in-contact\"><br>Wir k\u00f6nnen Ihnen helfen, Ihr neues Zuhause zu finden<\/h2>\n\n\n\n<p>Ob Kauf, Verkauf oder um den Markt zu erkunden \u2013 unser Team steht Ihnen mit Klarheit und Expertise zur Seite.&nbsp;<\/p>\n\n\n\n<p>Nehmen Sie noch heute Kontakt auf und lassen Sie sich von uns helfen, den n\u00e4chsten Schritt an der Costa del Sol zu gehen.<\/p>\n\n\n\n<ul class=\"wp-block-list list-unstyled\">\n<li><a href=\"tel:0034951722651\">+34 951 722 651<\/a><\/li>\n\n\n\n<li><a href=\"mailto:info@scmarbella.com\">info@scmarbella.com<\/a><\/li>\n<\/ul>\n\n\n\n<div class=\"wp-block-group d-flex is-nowrap is-layout-flex wp-container-core-group-is-layout-ad2f72ca wp-block-group-is-layout-flex\">\n<figure class=\"wp-block-image size-large\"><a href=\"https:\/\/wa.me\/34664111551\" target=\"_blank\" rel=\" noreferrer noopener\"><img decoding=\"async\" width=\"24\" height=\"24\" src=\"https:\/\/www.scmarbella.com\/wp-content\/uploads\/2025\/09\/icon-whatsapp-black.svg\" alt=\"\" class=\"wp-image-165\"\/><\/a><\/figure>\n\n\n\n<figure class=\"wp-block-image size-large\"><a href=\"https:\/\/www.facebook.com\/scmarbellaa\" target=\"_blank\" rel=\" noreferrer noopener\"><img decoding=\"async\" width=\"22\" height=\"23\" src=\"https:\/\/www.scmarbella.com\/wp-content\/uploads\/2025\/09\/icon-fb-black.svg\" alt=\"\" class=\"wp-image-110\"\/><\/a><\/figure>\n\n\n\n<figure class=\"wp-block-image size-large\"><a href=\"https:\/\/www.instagram.com\/somethingcontemporarymarbella\/\" target=\"_blank\" rel=\" noreferrer noopener\"><img decoding=\"async\" width=\"24\" height=\"24\" src=\"https:\/\/www.scmarbella.com\/wp-content\/uploads\/2025\/09\/icon-in-black.svg\" alt=\"\" class=\"wp-image-164\"\/><\/a><\/figure>\n<\/div>\n<\/div>\n\n\n\n<div class=\"wp-block-column is-layout-flow wp-block-column-is-layout-flow\"><\/div>\n\n\n\n<div class=\"wp-block-column is-layout-flow wp-block-column-is-layout-flow\" style=\"flex-basis:50%\">\n<div class=\"wp-block-contact-form-7-contact-form-selector\">\n<div class=\"wpcf7 no-js\" id=\"wpcf7-f845-o1\" lang=\"de-DE\" dir=\"ltr\" data-wpcf7-id=\"845\">\n<div class=\"screen-reader-response\"><p role=\"status\" aria-live=\"polite\" aria-atomic=\"true\"><\/p> <ul><\/ul><\/div>\n<form action=\"\/de\/wp-json\/wp\/v2\/pages\/796#wpcf7-f845-o1\" method=\"post\" class=\"wpcf7-form init\" aria-label=\"Kontaktformular\" novalidate=\"novalidate\" data-status=\"init\">\n<fieldset class=\"hidden-fields-container\"><input type=\"hidden\" name=\"_wpcf7\" value=\"845\" \/><input type=\"hidden\" name=\"_wpcf7_version\" value=\"6.1.5\" \/><input type=\"hidden\" name=\"_wpcf7_locale\" value=\"de_DE\" \/><input type=\"hidden\" name=\"_wpcf7_unit_tag\" value=\"wpcf7-f845-o1\" \/><input type=\"hidden\" name=\"_wpcf7_container_post\" value=\"0\" \/><input type=\"hidden\" name=\"_wpcf7_posted_data_hash\" value=\"\" \/>\n<\/fieldset>\n<div class=\"wpcf7-turnstile cf-turnstile\" data-sitekey=\"0x4AAAAAAB1RRp93sjUlut9E\" data-response-field-name=\"_wpcf7_turnstile_response\"><\/div>\n\n<div class=\"row ic-border-form\">\n\t<div class=\"col-12 col-lg-6\">\n\t\t<p><label><span class=\"wpcf7-form-control-wrap\" data-name=\"first-name\"><input size=\"40\" maxlength=\"400\" class=\"wpcf7-form-control wpcf7-text wpcf7-validates-as-required form-control\" aria-required=\"true\" aria-invalid=\"false\" placeholder=\"Vorname*\" value=\"\" type=\"text\" name=\"first-name\" \/><\/span><\/label>\n\t\t<\/p>\n\t<\/div>\n\t<div class=\"col-12 col-lg-6\">\n\t\t<p><label><span class=\"wpcf7-form-control-wrap\" data-name=\"last-name\"><input size=\"40\" maxlength=\"400\" class=\"wpcf7-form-control wpcf7-text wpcf7-validates-as-required form-control\" aria-required=\"true\" aria-invalid=\"false\" placeholder=\"Nachname*\" value=\"\" type=\"text\" name=\"last-name\" \/><\/span><\/label>\n\t\t<\/p>\n\t<\/div>\n\t<div class=\"col-12 col-lg-6\">\n\t\t<p><label><span class=\"wpcf7-form-control-wrap\" data-name=\"phone\"><input size=\"40\" class=\"wpcf7-form-control wpcf7-phonetext wpcf7-text wpcf7-validates-as-phonetext form-control\" aria-invalid=\"false\" placeholder=\"Telefon\" value=\"\" type=\"text\" name=\"phone\" \/><input type=\"hidden\" name=\"phone-country-code\" class=\"wpcf7-phonetext-country-code\" \/><\/span><\/label>\n\t\t<\/p>\n\t<\/div>\n\t<div class=\"col-12 col-lg-6\">\n\t\t<p><label><span class=\"wpcf7-form-control-wrap\" data-name=\"email\"><input size=\"40\" maxlength=\"400\" class=\"wpcf7-form-control wpcf7-email wpcf7-validates-as-required wpcf7-text wpcf7-validates-as-email form-control\" aria-required=\"true\" aria-invalid=\"false\" placeholder=\"E-Mail*\" value=\"\" type=\"email\" name=\"email\" \/><\/span><\/label>\n\t\t<\/p>\n\t<\/div>\n\t<div class=\"col-12 col-lg-6\">\n\t\t<p><label><span class=\"wpcf7-form-control-wrap\" data-name=\"country\"><input size=\"40\" class=\"wpcf7-form-control wpcf7-countrytext wpcf7-text wpcf7-validates-as-countrytext form-control\" aria-invalid=\"false\" value=\"\" type=\"text\" name=\"country\" \/><\/span><\/label>\n\t\t<\/p>\n\t<\/div>\n\t<div class=\"col-12\">\n\t\t<p><label><span class=\"wpcf7-form-control-wrap\" data-name=\"message\"><textarea cols=\"40\" rows=\"1\" maxlength=\"2000\" class=\"wpcf7-form-control wpcf7-textarea form-control\" aria-invalid=\"false\" placeholder=\"TEILEN SIE UNS MEHR MIT\" name=\"message\"><\/textarea><\/span><\/label>\n\t\t<\/p>\n\t<\/div>\n<\/div>\n<div class=\"row\">\n\t<div class=\"col-12\">\n\t\t<div class=\"mb-2\">\n\t\t\t<p><label><span class=\"wpcf7-form-control-wrap\" data-name=\"legal\"><span class=\"wpcf7-form-control wpcf7-acceptance\"><span class=\"wpcf7-list-item\"><label><input type=\"checkbox\" name=\"legal\" value=\"1\" aria-invalid=\"false\" \/><span class=\"wpcf7-list-item-label\">Ich habe die <a href=\"\/de\/privacy-policy\/\" target=\"_blank\" title=\"privacy policy\">Datenschutzrichtlinie<\/a> gelesen und stimme ihr zu*<\/a><\/span><\/label><\/span><\/span><\/span><\/label>\n\t\t\t<\/p>\n\t\t<\/div>\n\t\t<div class=\"mt-1\">\n\t\t\t<p><label><span class=\"wpcf7-form-control-wrap\" data-name=\"commercial\"><span class=\"wpcf7-form-control wpcf7-acceptance optional\"><span class=\"wpcf7-list-item\"><label><input type=\"checkbox\" name=\"commercial\" value=\"1\" aria-invalid=\"false\" \/><span class=\"wpcf7-list-item-label\">Ich m\u00f6chte Newsletter, Angebote und Updates per E-Mail und WhatsApp erhalten<\/span><\/label><\/span><\/span><\/span><\/label>\n\t\t\t<\/p>\n\t\t<\/div>\n\t<\/div>\n<\/div>\n<div class=\"row\">\n\t<div class=\"col-lg-12\">\n\t\t<p><input class=\"wpcf7-form-control wpcf7-submit has-spinner\" type=\"submit\" value=\"Absenden\" \/>\n\t\t<\/p>\n\t<\/div>\n<\/div>\n<input class=\"wpcf7-form-control wpcf7-hidden\" value=\"\/de\/danke\/\" type=\"hidden\" name=\"redirect_to\" \/>\n<input class=\"wpcf7-form-control wpcf7-hidden field_utm_source\" id=\"field_utm_source\" value=\"\" type=\"hidden\" name=\"utm_source\" \/>\n<input class=\"wpcf7-form-control wpcf7-hidden field_utm_medium\" id=\"field_utm_medium\" value=\"\" type=\"hidden\" name=\"utm_medium\" \/>\n<input class=\"wpcf7-form-control wpcf7-hidden field_utm_campaign\" id=\"field_utm_campaign\" value=\"\" type=\"hidden\" name=\"utm_campaign\" \/><div class=\"wpcf7-response-output\" aria-hidden=\"true\"><\/div>\n<\/form>\n<\/div>\n<\/div>\n<\/div>\n<\/div>\n\n\n\n<div class=\"wp-block-group ic-wrapper-newsletter\"><div class=\"wp-block-group__inner-container is-layout-constrained wp-block-group-is-layout-constrained\">\n<div class=\"wp-block-columns container is-layout-flex wp-container-core-columns-is-layout-9d6595d7 wp-block-columns-is-layout-flex\">\n<div class=\"wp-block-column is-layout-flow wp-block-column-is-layout-flow\" style=\"flex-basis:440px\">\n<h2 class=\"wp-block-heading\">Melden Sie sich f\u00fcr unseren Newsletter an<\/h2>\n\n\n\n<p>Abonnieren Sie unseren <strong>Newsletter<\/strong> f\u00fcr die neuesten zeitgen\u00f6ssischen H\u00e4user, Markteinblicke und Lifestyle-Trends an der Costa del Sol.<\/p>\n<\/div>\n\n\n\n<div class=\"wp-block-column is-layout-flow wp-block-column-is-layout-flow\"><\/div>\n\n\n\n<div class=\"wp-block-column is-layout-flow wp-block-column-is-layout-flow\" style=\"flex-basis:50%\">\n<div class=\"wp-block-contact-form-7-contact-form-selector\">\n<div class=\"wpcf7 no-js\" id=\"wpcf7-f846-o2\" lang=\"de-DE\" dir=\"ltr\" data-wpcf7-id=\"846\">\n<div class=\"screen-reader-response\"><p role=\"status\" aria-live=\"polite\" aria-atomic=\"true\"><\/p> <ul><\/ul><\/div>\n<form action=\"\/de\/wp-json\/wp\/v2\/pages\/796#wpcf7-f846-o2\" method=\"post\" class=\"wpcf7-form init\" aria-label=\"Kontaktformular\" novalidate=\"novalidate\" data-status=\"init\">\n<fieldset class=\"hidden-fields-container\"><input type=\"hidden\" name=\"_wpcf7\" value=\"846\" \/><input type=\"hidden\" name=\"_wpcf7_version\" value=\"6.1.5\" \/><input type=\"hidden\" name=\"_wpcf7_locale\" value=\"de_DE\" \/><input type=\"hidden\" name=\"_wpcf7_unit_tag\" value=\"wpcf7-f846-o2\" \/><input type=\"hidden\" name=\"_wpcf7_container_post\" value=\"0\" \/><input type=\"hidden\" name=\"_wpcf7_posted_data_hash\" value=\"\" \/>\n<\/fieldset>\n<div class=\"wpcf7-turnstile cf-turnstile\" data-sitekey=\"0x4AAAAAAB1RRp93sjUlut9E\" data-response-field-name=\"_wpcf7_turnstile_response\"><\/div>\n\n<div class=\"row\">\n\t<div class=\"col-12 col-lg-8\">\n\t\t<p><label><span class=\"wpcf7-form-control-wrap\" data-name=\"email\"><input size=\"40\" maxlength=\"400\" class=\"wpcf7-form-control wpcf7-email wpcf7-validates-as-required wpcf7-text wpcf7-validates-as-email form-control\" aria-required=\"true\" aria-invalid=\"false\" placeholder=\"E-Mail*\" value=\"\" type=\"email\" name=\"email\" \/><\/span><\/label><br \/>\n<label><span class=\"wpcf7-form-control-wrap\" data-name=\"legal\"><span class=\"wpcf7-form-control wpcf7-acceptance\"><span class=\"wpcf7-list-item\"><label><input type=\"checkbox\" name=\"legal\" value=\"1\" aria-invalid=\"false\" \/><span class=\"wpcf7-list-item-label\">INDEM SIE UNS IHRE E-MAIL-ADRESSE MITTEILEN, STIMMEN SIE UNSEREN <a href=\"\/de\/legal-advice\/\" target=\"_blank\" title=\"terms of use\">Nutzungsbedingungen<\/a> und <a href=\"\/de\/privacy-policy\/\" target=\"_blank\" title=\"privacy policy\">Datenschutzrichtlinien<\/a> ZU.*<\/span><\/label><\/span><\/span><\/span><\/label>\n\t\t<\/p>\n\t<\/div>\n\t<div class=\"col-12 col-lg-4\">\n\t\t<p><input class=\"wpcf7-form-control wpcf7-submit has-spinner\" type=\"submit\" value=\"Anmelden\" \/>\n\t\t<\/p>\n\t<\/div>\n<\/div>\n<input class=\"wpcf7-form-control wpcf7-hidden\" value=\"\/de\/danke\/\" type=\"hidden\" name=\"redirect_to\" \/>\n<input class=\"wpcf7-form-control wpcf7-hidden field_utm_source\" value=\"\" type=\"hidden\" name=\"utm_source\" \/>\n<input class=\"wpcf7-form-control wpcf7-hidden field_utm_medium\" value=\"\" type=\"hidden\" name=\"utm_medium\" \/>\n<input class=\"wpcf7-form-control wpcf7-hidden field_utm_campaign\" value=\"\" type=\"hidden\" name=\"utm_campaign\" \/><div class=\"wpcf7-response-output\" aria-hidden=\"true\"><\/div>\n<\/form>\n<\/div>\n<\/div>\n<\/div>\n<\/div>\n<\/div><\/div>\n<\/div><\/div>\n","protected":false},"excerpt":{"rendered":"","protected":false},"author":1,"featured_media":0,"parent":0,"menu_order":0,"comment_status":"closed","ping_status":"closed","template":"","meta":{"inline_featured_image":false,"footnotes":""},"class_list":["post-796","page","type-page","status-publish","hentry"],"yoast_head":"<!-- This site is optimized with the Yoast SEO plugin v27.4 - https:\/\/yoast.com\/product\/yoast-seo-wordpress\/ -->\n<title>Kontakt | SC Marbella<\/title>\n<meta name=\"description\" content=\"Wir k\u00f6nnen Ihnen helfen, Ihr neues Zuhause zu finden. Nehmen Sie noch heute Kontakt auf und lassen Sie sich von uns beim n\u00e4chsten Schritt an der Costa del Sol helfen.\" \/>\n<meta name=\"robots\" content=\"index, follow, max-snippet:-1, max-image-preview:large, max-video-preview:-1\" \/>\n<link rel=\"canonical\" href=\"https:\/\/www.scmarbella.com\/de\/kontakt\/\" \/>\n<meta property=\"og:locale\" content=\"de_DE\" \/>\n<meta property=\"og:type\" content=\"article\" \/>\n<meta property=\"og:title\" content=\"Kontakt | SC Marbella\" \/>\n<meta property=\"og:description\" content=\"Wir k\u00f6nnen Ihnen helfen, Ihr neues Zuhause zu finden. Nehmen Sie noch heute Kontakt auf und lassen Sie sich von uns beim n\u00e4chsten Schritt an der Costa del Sol helfen.\" \/>\n<meta property=\"og:url\" content=\"https:\/\/www.scmarbella.com\/de\/kontakt\/\" \/>\n<meta property=\"og:site_name\" content=\"SC Marbella\" \/>\n<meta property=\"article:publisher\" content=\"https:\/\/www.facebook.com\/scmarbellaa\" \/>\n<meta property=\"article:modified_time\" content=\"2025-11-20T07:38:06+00:00\" \/>\n<meta property=\"og:image\" content=\"https:\/\/www.scmarbella.com\/wp-content\/uploads\/2025\/09\/golf-properties.jpg\" \/>\n\t<meta property=\"og:image:width\" content=\"2000\" \/>\n\t<meta property=\"og:image:height\" content=\"1500\" \/>\n\t<meta property=\"og:image:type\" content=\"image\/jpeg\" \/>\n<meta name=\"twitter:card\" content=\"summary_large_image\" \/>\n<!-- \/ Yoast SEO plugin. -->","yoast_head_json":{"title":"Kontakt | SC Marbella","description":"Wir k\u00f6nnen Ihnen helfen, Ihr neues Zuhause zu finden. Nehmen Sie noch heute Kontakt auf und lassen Sie sich von uns beim n\u00e4chsten Schritt an der Costa del Sol helfen.","robots":{"index":"index","follow":"follow","max-snippet":"max-snippet:-1","max-image-preview":"max-image-preview:large","max-video-preview":"max-video-preview:-1"},"canonical":"https:\/\/www.scmarbella.com\/de\/kontakt\/","og_locale":"de_DE","og_type":"article","og_title":"Kontakt | SC Marbella","og_description":"Wir k\u00f6nnen Ihnen helfen, Ihr neues Zuhause zu finden. Nehmen Sie noch heute Kontakt auf und lassen Sie sich von uns beim n\u00e4chsten Schritt an der Costa del Sol helfen.","og_url":"https:\/\/www.scmarbella.com\/de\/kontakt\/","og_site_name":"SC Marbella","article_publisher":"https:\/\/www.facebook.com\/scmarbellaa","article_modified_time":"2025-11-20T07:38:06+00:00","og_image":[{"width":2000,"height":1500,"url":"https:\/\/www.scmarbella.com\/wp-content\/uploads\/2025\/09\/golf-properties.jpg","type":"image\/jpeg"}],"twitter_card":"summary_large_image","schema":{"@context":"https:\/\/schema.org","@graph":[{"@type":"WebPage","@id":"https:\/\/www.scmarbella.com\/de\/kontakt\/","url":"https:\/\/www.scmarbella.com\/de\/kontakt\/","name":"Kontakt | SC Marbella","isPartOf":{"@id":"https:\/\/www.scmarbella.com\/de\/#website"},"datePublished":"2025-09-03T09:39:26+00:00","dateModified":"2025-11-20T07:38:06+00:00","description":"Wir k\u00f6nnen Ihnen helfen, Ihr neues Zuhause zu finden. Nehmen Sie noch heute Kontakt auf und lassen Sie sich von uns beim n\u00e4chsten Schritt an der Costa del Sol helfen.","breadcrumb":{"@id":"https:\/\/www.scmarbella.com\/de\/kontakt\/#breadcrumb"},"inLanguage":"de","potentialAction":[{"@type":"ReadAction","target":["https:\/\/www.scmarbella.com\/de\/kontakt\/"]}]},{"@type":"BreadcrumbList","@id":"https:\/\/www.scmarbella.com\/de\/kontakt\/#breadcrumb","itemListElement":[{"@type":"ListItem","position":1,"name":"Portada","item":"https:\/\/www.scmarbella.com\/de\/"},{"@type":"ListItem","position":2,"name":"Kontakt"}]},{"@type":"WebSite","@id":"https:\/\/www.scmarbella.com\/de\/#website","url":"https:\/\/www.scmarbella.com\/de\/","name":"SC Marbella","description":"","publisher":{"@id":"https:\/\/www.scmarbella.com\/de\/#organization"},"alternateName":"SC Marbella","potentialAction":[{"@type":"SearchAction","target":{"@type":"EntryPoint","urlTemplate":"https:\/\/www.scmarbella.com\/de\/?s={search_term_string}"},"query-input":{"@type":"PropertyValueSpecification","valueRequired":true,"valueName":"search_term_string"}}],"inLanguage":"de"},{"@type":"Organization","@id":"https:\/\/www.scmarbella.com\/de\/#organization","name":"SC Marbella","alternateName":"SC Marbella","url":"https:\/\/www.scmarbella.com\/de\/","logo":{"@type":"ImageObject","inLanguage":"de","@id":"https:\/\/www.scmarbella.com\/de\/#\/schema\/logo\/image\/","url":"https:\/\/www.scmarbella.com\/wp-content\/uploads\/2025\/09\/logo-scmarbella.png","contentUrl":"https:\/\/www.scmarbella.com\/wp-content\/uploads\/2025\/09\/logo-scmarbella.png","width":548,"height":100,"caption":"SC Marbella"},"image":{"@id":"https:\/\/www.scmarbella.com\/de\/#\/schema\/logo\/image\/"},"sameAs":["https:\/\/www.facebook.com\/scmarbellaa","https:\/\/www.instagram.com\/somethingcontemporarymarbella\/"]}]}},"_links":{"self":[{"href":"https:\/\/www.scmarbella.com\/de\/wp-json\/wp\/v2\/pages\/796","targetHints":{"allow":["GET"]}}],"collection":[{"href":"https:\/\/www.scmarbella.com\/de\/wp-json\/wp\/v2\/pages"}],"about":[{"href":"https:\/\/www.scmarbella.com\/de\/wp-json\/wp\/v2\/types\/page"}],"author":[{"embeddable":true,"href":"https:\/\/www.scmarbella.com\/de\/wp-json\/wp\/v2\/users\/1"}],"replies":[{"embeddable":true,"href":"https:\/\/www.scmarbella.com\/de\/wp-json\/wp\/v2\/comments?post=796"}],"version-history":[{"count":3,"href":"https:\/\/www.scmarbella.com\/de\/wp-json\/wp\/v2\/pages\/796\/revisions"}],"predecessor-version":[{"id":814,"href":"https:\/\/www.scmarbella.com\/de\/wp-json\/wp\/v2\/pages\/796\/revisions\/814"}],"wp:attachment":[{"href":"https:\/\/www.scmarbella.com\/de\/wp-json\/wp\/v2\/media?parent=796"}],"curies":[{"name":"wp","href":"https:\/\/api.w.org\/{rel}","templated":true}]}}