{"id":794,"date":"2025-09-03T11:39:34","date_gmt":"2025-09-03T09:39:34","guid":{"rendered":"https:\/\/www.scmarbella.com\/thank-you\/"},"modified":"2025-11-19T11:33:28","modified_gmt":"2025-11-19T10:33:28","slug":"danke","status":"publish","type":"page","link":"https:\/\/www.scmarbella.com\/de\/danke\/","title":{"rendered":"Danke"},"content":{"rendered":"\n<div class=\"wp-block-group ic-page-thank\"><div class=\"wp-block-group__inner-container is-layout-constrained wp-block-group-is-layout-constrained\">\n<div class=\"wp-block-columns container is-layout-flex wp-container-core-columns-is-layout-9d6595d7 wp-block-columns-is-layout-flex\">\n<div class=\"wp-block-column text-center is-layout-flow wp-block-column-is-layout-flow\">\n<h3 class=\"wp-block-heading\">Vielen Dank!<\/h3>\n\n\n\n<h2 class=\"wp-block-heading\">Ihr Formular wurde erfolgreich \u00fcbermittelt.<\/h2>\n\n\n\n<p>Wir werden uns in K\u00fcrze mit Ihnen in Verbindung setzen.<\/p>\n<\/div>\n<\/div>\n\n\n\n<div class=\"wp-block-columns container  ic-bgcolorprimary is-layout-flex wp-container-core-columns-is-layout-9d6595d7 wp-block-columns-is-layout-flex\">\n<div class=\"wp-block-column text-center is-layout-flow wp-block-column-is-layout-flow\">\n<figure class=\"wp-block-image size-full\"><img decoding=\"async\" width=\"1600\" height=\"1244\" src=\"https:\/\/www.scmarbella.com\/wp-content\/uploads\/2025\/10\/scm-team.jpg\" alt=\"\" class=\"wp-image-602\" srcset=\"https:\/\/www.scmarbella.com\/wp-content\/uploads\/2025\/10\/scm-team.jpg 1600w, https:\/\/www.scmarbella.com\/wp-content\/uploads\/2025\/10\/scm-team-300x233.jpg 300w, https:\/\/www.scmarbella.com\/wp-content\/uploads\/2025\/10\/scm-team-1024x796.jpg 1024w, https:\/\/www.scmarbella.com\/wp-content\/uploads\/2025\/10\/scm-team-768x597.jpg 768w, https:\/\/www.scmarbella.com\/wp-content\/uploads\/2025\/10\/scm-team-1536x1194.jpg 1536w\" sizes=\"(max-width: 1600px) 100vw, 1600px\" \/><\/figure>\n<\/div>\n\n\n\n<div class=\"wp-block-column is-layout-flow wp-block-column-is-layout-flow\" style=\"flex-basis:64px\"><\/div>\n\n\n\n<div class=\"wp-block-column is-vertically-aligned-center is-layout-flow wp-block-column-is-layout-flow\">\n<h3 class=\"wp-block-heading\">In der Zwischenzeit k\u00f6nnten Sie folgendes interessieren:<\/h3>\n\n\n\n<h2 class=\"wp-block-heading\">Entdecken Sie den n\u00e4chsten Schritt auf Ihrer Reise<\/h2>\n\n\n\n<div class=\"wp-block-buttons is-layout-flex wp-block-buttons-is-layout-flex\">\n<div class=\"wp-block-button\"><a class=\"wp-block-button__link wp-element-button\" href=\"\/new-developments.html\">Neue Projekte<\/a><\/div>\n\n\n\n<div class=\"wp-block-button\"><a class=\"wp-block-button__link wp-element-button\" href=\"\/properties-for-sale.html\">Alle Immobilien anzeigen<\/a><\/div>\n<\/div>\n<\/div>\n\n\n\n<div class=\"wp-block-column is-layout-flow wp-block-column-is-layout-flow\" style=\"flex-basis:64px\"><\/div>\n<\/div>\n<\/div><\/div>\n","protected":false},"excerpt":{"rendered":"<p>Vielen Dank! Ihr Formular wurde erfolgreich \u00fcbermittelt. Wir werden uns in K\u00fcrze mit Ihnen in Verbindung setzen. In der Zwischenzeit k\u00f6nnten Sie folgendes interessieren: Entdecken Sie den n\u00e4chsten Schritt auf Ihrer Reise<\/p>\n","protected":false},"author":1,"featured_media":0,"parent":0,"menu_order":0,"comment_status":"closed","ping_status":"closed","template":"","meta":{"inline_featured_image":false,"footnotes":""},"class_list":["post-794","page","type-page","status-publish","hentry"],"yoast_head":"<!-- This site is optimized with the Yoast SEO plugin v27.5 - https:\/\/yoast.com\/product\/yoast-seo-wordpress\/ -->\n<title>Danke | SC Marbella<\/title>\n<meta name=\"robots\" content=\"index, follow, max-snippet:-1, max-image-preview:large, max-video-preview:-1\" \/>\n<link rel=\"canonical\" href=\"https:\/\/www.scmarbella.com\/de\/danke\/\" \/>\n<meta property=\"og:locale\" content=\"de_DE\" \/>\n<meta property=\"og:type\" content=\"article\" \/>\n<meta property=\"og:title\" content=\"Danke | SC Marbella\" \/>\n<meta property=\"og:description\" content=\"Vielen Dank! Ihr Formular wurde erfolgreich \u00fcbermittelt. Wir werden uns in K\u00fcrze mit Ihnen in Verbindung setzen. In der Zwischenzeit k\u00f6nnten Sie folgendes interessieren: Entdecken Sie den n\u00e4chsten Schritt auf Ihrer Reise\" \/>\n<meta property=\"og:url\" content=\"https:\/\/www.scmarbella.com\/de\/danke\/\" \/>\n<meta property=\"og:site_name\" content=\"SC Marbella\" \/>\n<meta property=\"article:publisher\" content=\"https:\/\/www.facebook.com\/scmarbellaa\" \/>\n<meta property=\"article:modified_time\" content=\"2025-11-19T10:33:28+00:00\" \/>\n<meta property=\"og:image\" content=\"https:\/\/www.scmarbella.com\/wp-content\/uploads\/2025\/10\/scm-team.jpg\" \/>\n\t<meta property=\"og:image:width\" content=\"1600\" \/>\n\t<meta property=\"og:image:height\" content=\"1244\" \/>\n\t<meta property=\"og:image:type\" content=\"image\/jpeg\" \/>\n<meta name=\"twitter:card\" content=\"summary_large_image\" \/>\n<meta name=\"twitter:label1\" content=\"Gesch\u00e4tzte Lesezeit\" \/>\n\t<meta name=\"twitter:data1\" content=\"1\u00a0Minute\" \/>\n<!-- \/ Yoast SEO plugin. -->","yoast_head_json":{"title":"Danke | SC Marbella","robots":{"index":"index","follow":"follow","max-snippet":"max-snippet:-1","max-image-preview":"max-image-preview:large","max-video-preview":"max-video-preview:-1"},"canonical":"https:\/\/www.scmarbella.com\/de\/danke\/","og_locale":"de_DE","og_type":"article","og_title":"Danke | SC Marbella","og_description":"Vielen Dank! Ihr Formular wurde erfolgreich \u00fcbermittelt. Wir werden uns in K\u00fcrze mit Ihnen in Verbindung setzen. In der Zwischenzeit k\u00f6nnten Sie folgendes interessieren: Entdecken Sie den n\u00e4chsten Schritt auf Ihrer Reise","og_url":"https:\/\/www.scmarbella.com\/de\/danke\/","og_site_name":"SC Marbella","article_publisher":"https:\/\/www.facebook.com\/scmarbellaa","article_modified_time":"2025-11-19T10:33:28+00:00","og_image":[{"width":1600,"height":1244,"url":"https:\/\/www.scmarbella.com\/wp-content\/uploads\/2025\/10\/scm-team.jpg","type":"image\/jpeg"}],"twitter_card":"summary_large_image","twitter_misc":{"Gesch\u00e4tzte Lesezeit":"1\u00a0Minute"},"schema":{"@context":"https:\/\/schema.org","@graph":[{"@type":"WebPage","@id":"https:\/\/www.scmarbella.com\/de\/danke\/","url":"https:\/\/www.scmarbella.com\/de\/danke\/","name":"Danke | SC Marbella","isPartOf":{"@id":"https:\/\/www.scmarbella.com\/de\/#website"},"primaryImageOfPage":{"@id":"https:\/\/www.scmarbella.com\/de\/danke\/#primaryimage"},"image":{"@id":"https:\/\/www.scmarbella.com\/de\/danke\/#primaryimage"},"thumbnailUrl":"https:\/\/www.scmarbella.com\/wp-content\/uploads\/2025\/10\/scm-team.jpg","datePublished":"2025-09-03T09:39:34+00:00","dateModified":"2025-11-19T10:33:28+00:00","breadcrumb":{"@id":"https:\/\/www.scmarbella.com\/de\/danke\/#breadcrumb"},"inLanguage":"de","potentialAction":[{"@type":"ReadAction","target":["https:\/\/www.scmarbella.com\/de\/danke\/"]}]},{"@type":"ImageObject","inLanguage":"de","@id":"https:\/\/www.scmarbella.com\/de\/danke\/#primaryimage","url":"https:\/\/www.scmarbella.com\/wp-content\/uploads\/2025\/10\/scm-team.jpg","contentUrl":"https:\/\/www.scmarbella.com\/wp-content\/uploads\/2025\/10\/scm-team.jpg"},{"@type":"BreadcrumbList","@id":"https:\/\/www.scmarbella.com\/de\/danke\/#breadcrumb","itemListElement":[{"@type":"ListItem","position":1,"name":"Portada","item":"https:\/\/www.scmarbella.com\/de\/"},{"@type":"ListItem","position":2,"name":"Danke"}]},{"@type":"WebSite","@id":"https:\/\/www.scmarbella.com\/de\/#website","url":"https:\/\/www.scmarbella.com\/de\/","name":"SC Marbella","description":"","publisher":{"@id":"https:\/\/www.scmarbella.com\/de\/#organization"},"alternateName":"SC Marbella","potentialAction":[{"@type":"SearchAction","target":{"@type":"EntryPoint","urlTemplate":"https:\/\/www.scmarbella.com\/de\/?s={search_term_string}"},"query-input":{"@type":"PropertyValueSpecification","valueRequired":true,"valueName":"search_term_string"}}],"inLanguage":"de"},{"@type":"Organization","@id":"https:\/\/www.scmarbella.com\/de\/#organization","name":"SC Marbella","alternateName":"SC Marbella","url":"https:\/\/www.scmarbella.com\/de\/","logo":{"@type":"ImageObject","inLanguage":"de","@id":"https:\/\/www.scmarbella.com\/de\/#\/schema\/logo\/image\/","url":"https:\/\/www.scmarbella.com\/wp-content\/uploads\/2025\/09\/logo-scmarbella.png","contentUrl":"https:\/\/www.scmarbella.com\/wp-content\/uploads\/2025\/09\/logo-scmarbella.png","width":548,"height":100,"caption":"SC Marbella"},"image":{"@id":"https:\/\/www.scmarbella.com\/de\/#\/schema\/logo\/image\/"},"sameAs":["https:\/\/www.facebook.com\/scmarbellaa","https:\/\/www.instagram.com\/somethingcontemporarymarbella\/"]}]}},"_links":{"self":[{"href":"https:\/\/www.scmarbella.com\/de\/wp-json\/wp\/v2\/pages\/794","targetHints":{"allow":["GET"]}}],"collection":[{"href":"https:\/\/www.scmarbella.com\/de\/wp-json\/wp\/v2\/pages"}],"about":[{"href":"https:\/\/www.scmarbella.com\/de\/wp-json\/wp\/v2\/types\/page"}],"author":[{"embeddable":true,"href":"https:\/\/www.scmarbella.com\/de\/wp-json\/wp\/v2\/users\/1"}],"replies":[{"embeddable":true,"href":"https:\/\/www.scmarbella.com\/de\/wp-json\/wp\/v2\/comments?post=794"}],"version-history":[{"count":2,"href":"https:\/\/www.scmarbella.com\/de\/wp-json\/wp\/v2\/pages\/794\/revisions"}],"predecessor-version":[{"id":849,"href":"https:\/\/www.scmarbella.com\/de\/wp-json\/wp\/v2\/pages\/794\/revisions\/849"}],"wp:attachment":[{"href":"https:\/\/www.scmarbella.com\/de\/wp-json\/wp\/v2\/media?parent=794"}],"curies":[{"name":"wp","href":"https:\/\/api.w.org\/{rel}","templated":true}]}}